{"id":775,"date":"2025-02-25T13:43:50","date_gmt":"2025-02-25T13:43:50","guid":{"rendered":"https:\/\/m-assistance.muskedeer-wip.be\/?page_id=775"},"modified":"2025-03-12T10:26:14","modified_gmt":"2025-03-12T10:26:14","slug":"a-propos-de-nous","status":"publish","type":"page","link":"https:\/\/www.m-assistance.be\/fr\/a-propos-de-nous\/","title":{"rendered":"A propos de nous"},"content":{"rendered":"<div data-elementor-type=\"wp-page\" data-elementor-id=\"775\" class=\"elementor elementor-775\" data-elementor-post-type=\"page\">\n\t\t\t\t<div class=\"elementor-element elementor-element-bfe3835 e-con-full e-flex e-con e-parent\" data-id=\"bfe3835\" data-element_type=\"container\" data-e-type=\"container\">\n\t\t\t\t<div class=\"elementor-element elementor-element-04f9c8a elementor-widget elementor-widget-template\" data-id=\"04f9c8a\" data-element_type=\"widget\" data-e-type=\"widget\" data-widget_type=\"template.default\">\n\t\t\t\t<div class=\"elementor-widget-container\">\n\t\t\t\t\t\t\t<div class=\"elementor-template\">\n\t\t\t\t\t<div data-elementor-type=\"container\" data-elementor-id=\"451\" class=\"elementor elementor-451\" data-elementor-post-type=\"elementor_library\">\n\t\t\t\t<div class=\"elementor-element elementor-element-7fa99608 e-flex e-con-boxed e-con e-parent\" data-id=\"7fa99608\" data-element_type=\"container\" data-e-type=\"container\" data-settings=\"{&quot;background_background&quot;:&quot;classic&quot;}\">\n\t\t\t\t\t<div class=\"e-con-inner\">\n\t\t\t\t<div class=\"elementor-element elementor-element-300fb175 elementor-widget elementor-widget-heading\" data-id=\"300fb175\" data-element_type=\"widget\" data-e-type=\"widget\" data-widget_type=\"heading.default\">\n\t\t\t\t<div class=\"elementor-widget-container\">\n\t\t\t\t\t<h1 class=\"elementor-heading-title elementor-size-default\">A propos de M-assistance<\/h1>\t\t\t\t<\/div>\n\t\t\t\t<\/div>\n\t\t\t\t<div class=\"elementor-element elementor-element-37e0d833 elementor-widget elementor-widget-text-editor\" data-id=\"37e0d833\" data-element_type=\"widget\" data-e-type=\"widget\" data-widget_type=\"text-editor.default\">\n\t\t\t\t<div class=\"elementor-widget-container\">\n\t\t\t\t\t\t\t\t\tNous sommes une entreprise de transport fiable qui propose un service de remorquage et de location de voitures 24 heures sur 24 et 7 jours sur 7.\t\t\t\t\t\t\t\t<\/div>\n\t\t\t\t<\/div>\n\t\t\t\t\t<\/div>\n\t\t\t\t<\/div>\n\t\t<div class=\"elementor-element elementor-element-9fa0766 e-flex e-con-boxed e-con e-parent\" data-id=\"9fa0766\" data-element_type=\"container\" data-e-type=\"container\" data-settings=\"{&quot;shape_divider_top&quot;:&quot;tilt&quot;}\">\n\t\t\t\t\t<div class=\"e-con-inner\">\n\t\t\t\t<div class=\"elementor-shape elementor-shape-top\" aria-hidden=\"true\" data-negative=\"false\">\n\t\t\t<svg xmlns=\"http:\/\/www.w3.org\/2000\/svg\" viewbox=\"0 0 1000 100\" preserveaspectratio=\"none\">\n\t<path class=\"elementor-shape-fill\" d=\"M0,6V0h1000v100L0,6z\"\/>\n<\/svg>\t\t<\/div>\n\t\t\t\t\t<\/div>\n\t\t\t\t<\/div>\n\t\t\t\t<\/div>\n\t\t\t\t<\/div>\n\t\t\t\t\t\t<\/div>\n\t\t\t\t<\/div>\n\t\t\t\t<\/div>\n\t\t<div class=\"elementor-element elementor-element-7e1fe3ae e-flex e-con-boxed e-con e-parent\" data-id=\"7e1fe3ae\" data-element_type=\"container\" data-e-type=\"container\">\n\t\t\t\t\t<div class=\"e-con-inner\">\n\t\t<div class=\"elementor-element elementor-element-2fbc008f e-con-full e-flex e-con e-child\" data-id=\"2fbc008f\" data-element_type=\"container\" data-e-type=\"container\">\n\t\t\t\t<div class=\"elementor-element elementor-element-72f6244 elementor-widget elementor-widget-image\" data-id=\"72f6244\" data-element_type=\"widget\" data-e-type=\"widget\" data-widget_type=\"image.default\">\n\t\t\t\t<div class=\"elementor-widget-container\">\n\t\t\t\t\t\t\t\t\t\t\t\t\t\t\t<img fetchpriority=\"high\" decoding=\"async\" width=\"800\" height=\"711\" src=\"https:\/\/www.m-assistance.be\/wp-content\/uploads\/2025\/02\/m-assistance-2-1024x910.png\" class=\"attachment-large size-large wp-image-337\" alt=\"\" srcset=\"https:\/\/www.m-assistance.be\/wp-content\/uploads\/2025\/02\/m-assistance-2-1024x910.png 1024w, https:\/\/www.m-assistance.be\/wp-content\/uploads\/2025\/02\/m-assistance-2-300x267.png 300w, https:\/\/www.m-assistance.be\/wp-content\/uploads\/2025\/02\/m-assistance-2-768x683.png 768w, https:\/\/www.m-assistance.be\/wp-content\/uploads\/2025\/02\/m-assistance-2.png 1082w\" sizes=\"(max-width: 800px) 100vw, 800px\" \/>\t\t\t\t\t\t\t\t\t\t\t\t\t\t\t<\/div>\n\t\t\t\t<\/div>\n\t\t\t\t<\/div>\n\t\t<div class=\"elementor-element elementor-element-5967d227 e-con-full e-flex e-con e-child\" data-id=\"5967d227\" data-element_type=\"container\" data-e-type=\"container\">\n\t\t\t\t<div class=\"elementor-element elementor-element-40b6c373 elementor-widget elementor-widget-heading\" data-id=\"40b6c373\" data-element_type=\"widget\" data-e-type=\"widget\" data-widget_type=\"heading.default\">\n\t\t\t\t<div class=\"elementor-widget-container\">\n\t\t\t\t\t<h2 class=\"elementor-heading-title elementor-size-default\">Nous vous d\u00e9pannons partout et tout le temps<\/h2>\t\t\t\t<\/div>\n\t\t\t\t<\/div>\n\t\t\t\t<div class=\"elementor-element elementor-element-2fce89c3 elementor-widget elementor-widget-text-editor\" data-id=\"2fce89c3\" data-element_type=\"widget\" data-e-type=\"widget\" data-widget_type=\"text-editor.default\">\n\t\t\t\t<div class=\"elementor-widget-container\">\n\t\t\t\t\t\t\t\t\t<p>Vous \u00eates \u00e0 la recherche d'une entreprise de transport qui offre un ensemble complet de services ? Alors prenez vite <a href=\"\/fr\/contact\/\">contact<\/a> on avec M-Assistance \u00e0 Saint-Trond.<\/p><p>Nous ne nous contentons pas de proposer des services rapides 24 heures sur 24 et 7 jours sur 7 <a href=\"\/fr\/services\/remorquage-depannage\/\">service de levage<\/a> pour les voitures, mais aussi un <a href=\"\/fr\/services\/remorquage-depannage\/\">d\u00e9p\u00f4t<\/a> pour les camions. En tant qu'entreprise de transport exp\u00e9riment\u00e9e, nous prenons en charge les aspects suivants <a href=\"\/fr\/transport\/\">transport<\/a> de camions, de bateaux et de voitures endommag\u00e9es. Nous faisons \u00e9galement office de bureau pour Enterprise Rent-A-Car. Besoin d'une voiture de location fiable ? Chez M-Assistance, vous pouvez facilement louer une voiture. Nous sommes \u00e9galement l'endroit id\u00e9al pour louer une camionnette ou un camion de d\u00e9m\u00e9nagement.<\/p>\t\t\t\t\t\t\t\t<\/div>\n\t\t\t\t<\/div>\n\t\t\t\t<div class=\"elementor-element elementor-element-3ef76ca7 elementor-align-left yellow-btn elementor-widget elementor-widget-button\" data-id=\"3ef76ca7\" data-element_type=\"widget\" data-e-type=\"widget\" data-widget_type=\"button.default\">\n\t\t\t\t<div class=\"elementor-widget-container\">\n\t\t\t\t\t\t\t\t\t<div class=\"elementor-button-wrapper\">\n\t\t\t\t\t<a class=\"elementor-button elementor-button-link elementor-size-sm\" href=\"\/fr\/services\/\">\n\t\t\t\t\t\t<span class=\"elementor-button-content-wrapper\">\n\t\t\t\t\t\t<span class=\"elementor-button-icon\">\n\t\t\t\t<svg aria-hidden=\"true\" class=\"e-font-icon-svg e-fas-arrow-right\" viewbox=\"0 0 448 512\" xmlns=\"http:\/\/www.w3.org\/2000\/svg\"><path d=\"M190.5 66.9l22.2-22.2c9.4-9.4 24.6-9.4 33.9 0L441 239c9.4 9.4 9.4 24.6 0 33.9L246.6 467.3c-9.4 9.4-24.6 9.4-33.9 0l-22.2-22.2c-9.5-9.5-9.3-25 .4-34.3L311.4 296H24c-13.3 0-24-10.7-24-24v-32c0-13.3 10.7-24 24-24h287.4L190.9 101.2c-9.8-9.3-10-24.8-.4-34.3z\"><\/path><\/svg>\t\t\t<\/span>\n\t\t\t\t\t\t\t\t\t<span class=\"elementor-button-text\">Nos services<\/span>\n\t\t\t\t\t<\/span>\n\t\t\t\t\t<\/a>\n\t\t\t\t<\/div>\n\t\t\t\t\t\t\t\t<\/div>\n\t\t\t\t<\/div>\n\t\t\t\t<\/div>\n\t\t\t\t\t<\/div>\n\t\t\t\t<\/div>\n\t\t<div class=\"elementor-element elementor-element-8891813 elementor-hidden-desktop elementor-hidden-tablet elementor-hidden-mobile e-flex e-con-boxed e-con e-parent\" data-id=\"8891813\" data-element_type=\"container\" data-e-type=\"container\">\n\t\t\t\t\t<div class=\"e-con-inner\">\n\t\t\t\t<div class=\"elementor-element elementor-element-d2e2c88 elementor-widget elementor-widget-image\" data-id=\"d2e2c88\" data-element_type=\"widget\" data-e-type=\"widget\" data-widget_type=\"image.default\">\n\t\t\t\t<div class=\"elementor-widget-container\">\n\t\t\t\t\t\t\t\t\t\t\t\t\t\t\t<img decoding=\"async\" width=\"800\" height=\"334\" src=\"https:\/\/www.m-assistance.be\/wp-content\/uploads\/2025\/02\/IMG-20190525-WA0004-1-1024x428.jpg\" class=\"attachment-large size-large wp-image-1012\" alt=\"\" srcset=\"https:\/\/www.m-assistance.be\/wp-content\/uploads\/2025\/02\/IMG-20190525-WA0004-1-1024x428.jpg 1024w, https:\/\/www.m-assistance.be\/wp-content\/uploads\/2025\/02\/IMG-20190525-WA0004-1-300x125.jpg 300w, https:\/\/www.m-assistance.be\/wp-content\/uploads\/2025\/02\/IMG-20190525-WA0004-1-768x321.jpg 768w, https:\/\/www.m-assistance.be\/wp-content\/uploads\/2025\/02\/IMG-20190525-WA0004-1-1536x642.jpg 1536w, https:\/\/www.m-assistance.be\/wp-content\/uploads\/2025\/02\/IMG-20190525-WA0004-1.jpg 1920w\" sizes=\"(max-width: 800px) 100vw, 800px\" \/>\t\t\t\t\t\t\t\t\t\t\t\t\t\t\t<\/div>\n\t\t\t\t<\/div>\n\t\t\t\t<div class=\"elementor-element elementor-element-5e19a24 elementor-widget elementor-widget-heading\" data-id=\"5e19a24\" data-element_type=\"widget\" data-e-type=\"widget\" data-widget_type=\"heading.default\">\n\t\t\t\t<div class=\"elementor-widget-container\">\n\t\t\t\t\t<h3 class=\"elementor-heading-title elementor-size-default\">L'\u00e9quipe de M-assistance est l\u00e0 pour vous !<\/h3>\t\t\t\t<\/div>\n\t\t\t\t<\/div>\n\t\t\t\t\t<\/div>\n\t\t\t\t<\/div>\n\t\t<div class=\"elementor-element elementor-element-71383d5 e-flex e-con-boxed e-con e-parent\" data-id=\"71383d5\" data-element_type=\"container\" data-e-type=\"container\">\n\t\t\t\t\t<div class=\"e-con-inner\">\n\t\t\t\t<div class=\"elementor-element elementor-element-756c18d elementor-widget elementor-widget-template\" data-id=\"756c18d\" data-element_type=\"widget\" data-e-type=\"widget\" data-widget_type=\"template.default\">\n\t\t\t\t<div class=\"elementor-widget-container\">\n\t\t\t\t\t\t\t<div class=\"elementor-template\">\n\t\t\t\t\t<div data-elementor-type=\"container\" data-elementor-id=\"983\" class=\"elementor elementor-983\" data-elementor-post-type=\"elementor_library\">\n\t\t\t\t<div class=\"elementor-element elementor-element-56f30338 e-flex e-con-boxed e-con e-parent\" data-id=\"56f30338\" data-element_type=\"container\" data-e-type=\"container\">\n\t\t\t\t\t<div class=\"e-con-inner\">\n\t\t<div class=\"elementor-element elementor-element-72533710 e-con-full e-flex e-con e-child\" data-id=\"72533710\" data-element_type=\"container\" data-e-type=\"container\">\n\t\t\t\t<div class=\"elementor-element elementor-element-3aead7c0 elementor-widget elementor-widget-counter\" data-id=\"3aead7c0\" data-element_type=\"widget\" data-e-type=\"widget\" data-widget_type=\"counter.default\">\n\t\t\t\t<div class=\"elementor-widget-container\">\n\t\t\t\t\t\t\t<div class=\"elementor-counter\">\n\t\t\t<div class=\"elementor-counter-title\">v\u00e9hicules remorqu\u00e9s<br \/>en 2024<\/div>\t\t\t<div class=\"elementor-counter-number-wrapper\">\n\t\t\t\t<span class=\"elementor-counter-number-prefix\"><\/span>\n\t\t\t\t<span class=\"elementor-counter-number\" data-duration=\"2000\" data-to-value=\"2800\" data-from-value=\"1\">1<\/span>\n\t\t\t\t<span class=\"elementor-counter-number-suffix\"><\/span>\n\t\t\t<\/div>\n\t\t<\/div>\n\t\t\t\t\t\t<\/div>\n\t\t\t\t<\/div>\n\t\t\t\t<\/div>\n\t\t<div class=\"elementor-element elementor-element-f9b8339 e-con-full elementor-hidden-mobile e-flex e-con e-child\" data-id=\"f9b8339\" data-element_type=\"container\" data-e-type=\"container\">\n\t\t\t\t<div class=\"elementor-element elementor-element-76701fe elementor-widget elementor-widget-image\" data-id=\"76701fe\" data-element_type=\"widget\" data-e-type=\"widget\" data-widget_type=\"image.default\">\n\t\t\t\t<div class=\"elementor-widget-container\">\n\t\t\t\t\t\t\t\t\t\t\t\t\t\t\t<img decoding=\"async\" width=\"353\" height=\"1024\" src=\"https:\/\/www.m-assistance.be\/wp-content\/uploads\/2025\/02\/yellow-line.svg\" class=\"attachment-large size-large wp-image-384\" alt=\"\" \/>\t\t\t\t\t\t\t\t\t\t\t\t\t\t\t<\/div>\n\t\t\t\t<\/div>\n\t\t\t\t<\/div>\n\t\t<div class=\"elementor-element elementor-element-5d5eb935 e-con-full e-flex e-con e-child\" data-id=\"5d5eb935\" data-element_type=\"container\" data-e-type=\"container\">\n\t\t\t\t<div class=\"elementor-element elementor-element-3232efa5 elementor-widget elementor-widget-counter\" data-id=\"3232efa5\" data-element_type=\"widget\" data-e-type=\"widget\" data-widget_type=\"counter.default\">\n\t\t\t\t<div class=\"elementor-widget-container\">\n\t\t\t\t\t\t\t<div class=\"elementor-counter\">\n\t\t\t<div class=\"elementor-counter-title\">d\u00e9pannages<br \/>en 2024<\/div>\t\t\t<div class=\"elementor-counter-number-wrapper\">\n\t\t\t\t<span class=\"elementor-counter-number-prefix\"><\/span>\n\t\t\t\t<span class=\"elementor-counter-number\" data-duration=\"2000\" data-to-value=\"4000\" data-from-value=\"1\">1<\/span>\n\t\t\t\t<span class=\"elementor-counter-number-suffix\"><\/span>\n\t\t\t<\/div>\n\t\t<\/div>\n\t\t\t\t\t\t<\/div>\n\t\t\t\t<\/div>\n\t\t\t\t<\/div>\n\t\t<div class=\"elementor-element elementor-element-66d18f9d e-con-full elementor-hidden-mobile e-flex e-con e-child\" data-id=\"66d18f9d\" data-element_type=\"container\" data-e-type=\"container\">\n\t\t\t\t<div class=\"elementor-element elementor-element-782447ea elementor-widget elementor-widget-image\" data-id=\"782447ea\" data-element_type=\"widget\" data-e-type=\"widget\" data-widget_type=\"image.default\">\n\t\t\t\t<div class=\"elementor-widget-container\">\n\t\t\t\t\t\t\t\t\t\t\t\t\t\t\t<img decoding=\"async\" width=\"353\" height=\"1024\" src=\"https:\/\/www.m-assistance.be\/wp-content\/uploads\/2025\/02\/yellow-line.svg\" class=\"attachment-large size-large wp-image-384\" alt=\"\" \/>\t\t\t\t\t\t\t\t\t\t\t\t\t\t\t<\/div>\n\t\t\t\t<\/div>\n\t\t\t\t<\/div>\n\t\t<div class=\"elementor-element elementor-element-218b06cf e-con-full e-flex e-con e-child\" data-id=\"218b06cf\" data-element_type=\"container\" data-e-type=\"container\">\n\t\t\t\t<div class=\"elementor-element elementor-element-4417c25d elementor-widget elementor-widget-counter\" data-id=\"4417c25d\" data-element_type=\"widget\" data-e-type=\"widget\" data-widget_type=\"counter.default\">\n\t\t\t\t<div class=\"elementor-widget-container\">\n\t\t\t\t\t\t\t<div class=\"elementor-counter\">\n\t\t\t<div class=\"elementor-counter-title\">voitures dans la flotte<\/div>\t\t\t<div class=\"elementor-counter-number-wrapper\">\n\t\t\t\t<span class=\"elementor-counter-number-prefix\"><\/span>\n\t\t\t\t<span class=\"elementor-counter-number\" data-duration=\"2000\" data-to-value=\"10\" data-from-value=\"1\">1<\/span>\n\t\t\t\t<span class=\"elementor-counter-number-suffix\"><\/span>\n\t\t\t<\/div>\n\t\t<\/div>\n\t\t\t\t\t\t<\/div>\n\t\t\t\t<\/div>\n\t\t\t\t<\/div>\n\t\t\t\t\t<\/div>\n\t\t\t\t<\/div>\n\t\t\t\t<\/div>\n\t\t\t\t<\/div>\n\t\t\t\t\t\t<\/div>\n\t\t\t\t<\/div>\n\t\t\t\t\t<\/div>\n\t\t\t\t<\/div>\n\t\t<div class=\"elementor-element elementor-element-656b247 e-flex e-con-boxed e-con e-parent\" data-id=\"656b247\" data-element_type=\"container\" data-e-type=\"container\">\n\t\t\t\t\t<div class=\"e-con-inner\">\n\t\t\t\t<div class=\"elementor-element elementor-element-3cabdce elementor-widget elementor-widget-template\" data-id=\"3cabdce\" data-element_type=\"widget\" data-e-type=\"widget\" data-widget_type=\"template.default\">\n\t\t\t\t<div class=\"elementor-widget-container\">\n\t\t\t\t\t\t\t<div class=\"elementor-template\">\n\t\t\t\t\t<div data-elementor-type=\"container\" data-elementor-id=\"580\" class=\"elementor elementor-580\" data-elementor-post-type=\"elementor_library\">\n\t\t\t\t<div class=\"elementor-element elementor-element-47d9eaf1 e-flex e-con-boxed e-con e-parent\" data-id=\"47d9eaf1\" data-element_type=\"container\" data-e-type=\"container\">\n\t\t\t\t\t<div class=\"e-con-inner\">\n\t\t<div class=\"elementor-element elementor-element-5e6baa11 e-con-full e-flex e-con e-child\" data-id=\"5e6baa11\" data-element_type=\"container\" data-e-type=\"container\" data-settings=\"{&quot;background_background&quot;:&quot;classic&quot;}\">\n\t\t\t\t<div class=\"elementor-element elementor-element-150e67cf elementor-widget elementor-widget-heading\" data-id=\"150e67cf\" data-element_type=\"widget\" data-e-type=\"widget\" data-widget_type=\"heading.default\">\n\t\t\t\t<div class=\"elementor-widget-container\">\n\t\t\t\t\t<h3 class=\"elementor-heading-title elementor-size-default\">Besoin d'une aide urgente ? Nous sommes disponibles 24 heures sur 24, 7 jours sur 7 !<\/h3>\t\t\t\t<\/div>\n\t\t\t\t<\/div>\n\t\t\t\t<div class=\"elementor-element elementor-element-3b212877 elementor-align-center elementor-widget elementor-widget-button\" data-id=\"3b212877\" data-element_type=\"widget\" data-e-type=\"widget\" data-widget_type=\"button.default\">\n\t\t\t\t<div class=\"elementor-widget-container\">\n\t\t\t\t\t\t\t\t\t<div class=\"elementor-button-wrapper\">\n\t\t\t\t\t<a class=\"elementor-button elementor-button-link elementor-size-sm\" href=\"tel:003211692470\">\n\t\t\t\t\t\t<span class=\"elementor-button-content-wrapper\">\n\t\t\t\t\t\t<span class=\"elementor-button-icon\">\n\t\t\t\t<svg aria-hidden=\"true\" class=\"e-font-icon-svg e-fas-phone-alt\" viewbox=\"0 0 512 512\" xmlns=\"http:\/\/www.w3.org\/2000\/svg\"><path d=\"M497.39 361.8l-112-48a24 24 0 0 0-28 6.9l-49.6 60.6A370.66 370.66 0 0 1 130.6 204.11l60.6-49.6a23.94 23.94 0 0 0 6.9-28l-48-112A24.16 24.16 0 0 0 122.6.61l-104 24A24 24 0 0 0 0 48c0 256.5 207.9 464 464 464a24 24 0 0 0 23.4-18.6l24-104a24.29 24.29 0 0 0-14.01-27.6z\"><\/path><\/svg>\t\t\t<\/span>\n\t\t\t\t\t\t\t\t\t<span class=\"elementor-button-text\">011 69 24 70<\/span>\n\t\t\t\t\t<\/span>\n\t\t\t\t\t<\/a>\n\t\t\t\t<\/div>\n\t\t\t\t\t\t\t\t<\/div>\n\t\t\t\t<\/div>\n\t\t\t\t<\/div>\n\t\t\t\t\t<\/div>\n\t\t\t\t<\/div>\n\t\t\t\t<\/div>\n\t\t\t\t<\/div>\n\t\t\t\t\t\t<\/div>\n\t\t\t\t<\/div>\n\t\t\t\t\t<\/div>\n\t\t\t\t<\/div>\n\t\t\t\t<\/div>","protected":false},"excerpt":{"rendered":"<p>Wij slepen je er doorheen Ben je op zoek naar een transportbedrijf dat een totaalpakket aan diensten aanbiedt? Neem dan snel contact op met M-Assistance in Sint-Truiden. Wij bieden niet alleen een snelle 24\/7 takeldienst voor auto\u2019s, maar ook een depannagedienst voor vrachtwagens. Als ervaren transportbedrijf verzorgen we het transport van vrachtwagens, boten en schadeauto\u2019s. [&hellip;]<\/p>\n","protected":false},"author":1,"featured_media":0,"parent":0,"menu_order":0,"comment_status":"closed","ping_status":"closed","template":"","meta":{"_acf_changed":false,"inline_featured_image":false,"footnotes":""},"class_list":["post-775","page","type-page","status-publish","hentry"],"acf":[],"yoast_head":"<!-- This site is optimized with the Yoast SEO plugin v27.6 - https:\/\/yoast.com\/product\/yoast-seo-wordpress\/ -->\n<title>Over ons - M-Assistance<\/title>\n<meta name=\"robots\" content=\"index, follow, max-snippet:-1, max-image-preview:large, max-video-preview:-1\" \/>\n<link rel=\"canonical\" href=\"https:\/\/www.m-assistance.be\/fr\/a-propos-de-nous\/\" \/>\n<meta property=\"og:locale\" content=\"fr_FR\" \/>\n<meta property=\"og:type\" content=\"article\" \/>\n<meta property=\"og:title\" content=\"Over ons - M-Assistance\" \/>\n<meta property=\"og:description\" content=\"Wij slepen je er doorheen Ben je op zoek naar een transportbedrijf dat een totaalpakket aan diensten aanbiedt? Neem dan snel contact op met M-Assistance in Sint-Truiden. Wij bieden niet alleen een snelle 24\/7 takeldienst voor auto\u2019s, maar ook een depannagedienst voor vrachtwagens. Als ervaren transportbedrijf verzorgen we het transport van vrachtwagens, boten en schadeauto\u2019s. [&hellip;]\" \/>\n<meta property=\"og:url\" content=\"https:\/\/www.m-assistance.be\/fr\/a-propos-de-nous\/\" \/>\n<meta property=\"og:site_name\" content=\"M-Assistance\" \/>\n<meta property=\"article:modified_time\" content=\"2025-03-12T10:26:14+00:00\" \/>\n<meta property=\"og:image\" content=\"https:\/\/www.m-assistance.be\/wp-content\/uploads\/2025\/02\/m-assistance-2-1024x910.png\" \/>\n<meta name=\"twitter:card\" content=\"summary_large_image\" \/>\n<meta name=\"twitter:label1\" content=\"Dur\u00e9e de lecture est.\" \/>\n\t<meta name=\"twitter:data1\" content=\"2 minutes\" \/>\n<script type=\"application\/ld+json\" class=\"yoast-schema-graph\">{\"@context\":\"https:\\\/\\\/schema.org\",\"@graph\":[{\"@type\":\"WebPage\",\"@id\":\"https:\\\/\\\/www.m-assistance.be\\\/en\\\/about-us\\\/\",\"url\":\"https:\\\/\\\/www.m-assistance.be\\\/en\\\/about-us\\\/\",\"name\":\"Over ons - M-Assistance\",\"isPartOf\":{\"@id\":\"https:\\\/\\\/www.m-assistance.be\\\/#website\"},\"primaryImageOfPage\":{\"@id\":\"https:\\\/\\\/www.m-assistance.be\\\/en\\\/about-us\\\/#primaryimage\"},\"image\":{\"@id\":\"https:\\\/\\\/www.m-assistance.be\\\/en\\\/about-us\\\/#primaryimage\"},\"thumbnailUrl\":\"https:\\\/\\\/www.m-assistance.be\\\/wp-content\\\/uploads\\\/2025\\\/02\\\/m-assistance-2-1024x910.png\",\"datePublished\":\"2025-02-25T13:43:50+00:00\",\"dateModified\":\"2025-03-12T10:26:14+00:00\",\"breadcrumb\":{\"@id\":\"https:\\\/\\\/www.m-assistance.be\\\/en\\\/about-us\\\/#breadcrumb\"},\"inLanguage\":\"fr-BE\",\"potentialAction\":[{\"@type\":\"ReadAction\",\"target\":[\"https:\\\/\\\/www.m-assistance.be\\\/en\\\/about-us\\\/\"]}]},{\"@type\":\"ImageObject\",\"inLanguage\":\"fr-BE\",\"@id\":\"https:\\\/\\\/www.m-assistance.be\\\/en\\\/about-us\\\/#primaryimage\",\"url\":\"https:\\\/\\\/www.m-assistance.be\\\/wp-content\\\/uploads\\\/2025\\\/02\\\/m-assistance-2-1024x910.png\",\"contentUrl\":\"https:\\\/\\\/www.m-assistance.be\\\/wp-content\\\/uploads\\\/2025\\\/02\\\/m-assistance-2-1024x910.png\"},{\"@type\":\"BreadcrumbList\",\"@id\":\"https:\\\/\\\/www.m-assistance.be\\\/en\\\/about-us\\\/#breadcrumb\",\"itemListElement\":[{\"@type\":\"ListItem\",\"position\":1,\"name\":\"Home\",\"item\":\"https:\\\/\\\/www.m-assistance.be\\\/en\\\/\"},{\"@type\":\"ListItem\",\"position\":2,\"name\":\"Over ons\"}]},{\"@type\":\"WebSite\",\"@id\":\"https:\\\/\\\/www.m-assistance.be\\\/#website\",\"url\":\"https:\\\/\\\/www.m-assistance.be\\\/\",\"name\":\"M-Assistance\",\"description\":\"\",\"potentialAction\":[{\"@type\":\"SearchAction\",\"target\":{\"@type\":\"EntryPoint\",\"urlTemplate\":\"https:\\\/\\\/www.m-assistance.be\\\/?s={search_term_string}\"},\"query-input\":{\"@type\":\"PropertyValueSpecification\",\"valueRequired\":true,\"valueName\":\"search_term_string\"}}],\"inLanguage\":\"fr-BE\"}]}<\/script>\n<!-- \/ Yoast SEO plugin. -->","yoast_head_json":{"title":"A propos de nous - M-Assistance","robots":{"index":"index","follow":"follow","max-snippet":"max-snippet:-1","max-image-preview":"max-image-preview:large","max-video-preview":"max-video-preview:-1"},"canonical":"https:\/\/www.m-assistance.be\/fr\/a-propos-de-nous\/","og_locale":"fr_FR","og_type":"article","og_title":"Over ons - M-Assistance","og_description":"Wij slepen je er doorheen Ben je op zoek naar een transportbedrijf dat een totaalpakket aan diensten aanbiedt? Neem dan snel contact op met M-Assistance in Sint-Truiden. Wij bieden niet alleen een snelle 24\/7 takeldienst voor auto\u2019s, maar ook een depannagedienst voor vrachtwagens. Als ervaren transportbedrijf verzorgen we het transport van vrachtwagens, boten en schadeauto\u2019s. [&hellip;]","og_url":"https:\/\/www.m-assistance.be\/fr\/a-propos-de-nous\/","og_site_name":"M-Assistance","article_modified_time":"2025-03-12T10:26:14+00:00","og_image":[{"url":"https:\/\/www.m-assistance.be\/wp-content\/uploads\/2025\/02\/m-assistance-2-1024x910.png","type":"","width":"","height":""}],"twitter_card":"summary_large_image","twitter_misc":{"Dur\u00e9e de lecture est.":"2 minutes"},"schema":{"@context":"https:\/\/schema.org","@graph":[{"@type":"WebPage","@id":"https:\/\/www.m-assistance.be\/en\/about-us\/","url":"https:\/\/www.m-assistance.be\/en\/about-us\/","name":"A propos de nous - M-Assistance","isPartOf":{"@id":"https:\/\/www.m-assistance.be\/#website"},"primaryImageOfPage":{"@id":"https:\/\/www.m-assistance.be\/en\/about-us\/#primaryimage"},"image":{"@id":"https:\/\/www.m-assistance.be\/en\/about-us\/#primaryimage"},"thumbnailUrl":"https:\/\/www.m-assistance.be\/wp-content\/uploads\/2025\/02\/m-assistance-2-1024x910.png","datePublished":"2025-02-25T13:43:50+00:00","dateModified":"2025-03-12T10:26:14+00:00","breadcrumb":{"@id":"https:\/\/www.m-assistance.be\/en\/about-us\/#breadcrumb"},"inLanguage":"fr-BE","potentialAction":[{"@type":"ReadAction","target":["https:\/\/www.m-assistance.be\/en\/about-us\/"]}]},{"@type":"ImageObject","inLanguage":"fr-BE","@id":"https:\/\/www.m-assistance.be\/en\/about-us\/#primaryimage","url":"https:\/\/www.m-assistance.be\/wp-content\/uploads\/2025\/02\/m-assistance-2-1024x910.png","contentUrl":"https:\/\/www.m-assistance.be\/wp-content\/uploads\/2025\/02\/m-assistance-2-1024x910.png"},{"@type":"BreadcrumbList","@id":"https:\/\/www.m-assistance.be\/en\/about-us\/#breadcrumb","itemListElement":[{"@type":"ListItem","position":1,"name":"Home","item":"https:\/\/www.m-assistance.be\/en\/"},{"@type":"ListItem","position":2,"name":"Over ons"}]},{"@type":"WebSite","@id":"https:\/\/www.m-assistance.be\/#website","url":"https:\/\/www.m-assistance.be\/","name":"M-Assistance","description":"","potentialAction":[{"@type":"SearchAction","target":{"@type":"EntryPoint","urlTemplate":"https:\/\/www.m-assistance.be\/?s={search_term_string}"},"query-input":{"@type":"PropertyValueSpecification","valueRequired":true,"valueName":"search_term_string"}}],"inLanguage":"fr-BE"}]}},"_links":{"self":[{"href":"https:\/\/www.m-assistance.be\/fr\/wp-json\/wp\/v2\/pages\/775","targetHints":{"allow":["GET"]}}],"collection":[{"href":"https:\/\/www.m-assistance.be\/fr\/wp-json\/wp\/v2\/pages"}],"about":[{"href":"https:\/\/www.m-assistance.be\/fr\/wp-json\/wp\/v2\/types\/page"}],"author":[{"embeddable":true,"href":"https:\/\/www.m-assistance.be\/fr\/wp-json\/wp\/v2\/users\/1"}],"replies":[{"embeddable":true,"href":"https:\/\/www.m-assistance.be\/fr\/wp-json\/wp\/v2\/comments?post=775"}],"version-history":[{"count":0,"href":"https:\/\/www.m-assistance.be\/fr\/wp-json\/wp\/v2\/pages\/775\/revisions"}],"wp:attachment":[{"href":"https:\/\/www.m-assistance.be\/fr\/wp-json\/wp\/v2\/media?parent=775"}],"curies":[{"name":"wp","href":"https:\/\/api.w.org\/{rel}","templated":true}]}}