{"id":468,"date":"2025-02-25T09:04:47","date_gmt":"2025-02-25T09:04:47","guid":{"rendered":"https:\/\/m-assistance.muskedeer-wip.be\/?page_id=468"},"modified":"2025-03-12T10:25:55","modified_gmt":"2025-03-12T10:25:55","slug":"vie-privee","status":"publish","type":"page","link":"https:\/\/www.m-assistance.be\/fr\/vie-privee\/","title":{"rendered":"Vie priv\u00e9e"},"content":{"rendered":"<div data-elementor-type=\"wp-page\" data-elementor-id=\"468\" class=\"elementor elementor-468\" data-elementor-post-type=\"page\">\n\t\t\t\t<div class=\"elementor-element elementor-element-bfe3835 e-con-full e-flex e-con e-parent\" data-id=\"bfe3835\" data-element_type=\"container\" data-e-type=\"container\">\n\t\t\t\t<div class=\"elementor-element elementor-element-04f9c8a elementor-widget elementor-widget-template\" data-id=\"04f9c8a\" data-element_type=\"widget\" data-e-type=\"widget\" data-widget_type=\"template.default\">\n\t\t\t\t<div class=\"elementor-widget-container\">\n\t\t\t\t\t\t\t<div class=\"elementor-template\">\n\t\t\t\t\t<div data-elementor-type=\"container\" data-elementor-id=\"451\" class=\"elementor elementor-451\" data-elementor-post-type=\"elementor_library\">\n\t\t\t\t<div class=\"elementor-element elementor-element-7fa99608 e-flex e-con-boxed e-con e-parent\" data-id=\"7fa99608\" data-element_type=\"container\" data-e-type=\"container\" data-settings=\"{&quot;background_background&quot;:&quot;classic&quot;}\">\n\t\t\t\t\t<div class=\"e-con-inner\">\n\t\t\t\t<div class=\"elementor-element elementor-element-300fb175 elementor-widget elementor-widget-heading\" data-id=\"300fb175\" data-element_type=\"widget\" data-e-type=\"widget\" data-widget_type=\"heading.default\">\n\t\t\t\t<div class=\"elementor-widget-container\">\n\t\t\t\t\t<h1 class=\"elementor-heading-title elementor-size-default\">Vie priv\u00e9e<\/h1>\t\t\t\t<\/div>\n\t\t\t\t<\/div>\n\t\t\t\t\t<\/div>\n\t\t\t\t<\/div>\n\t\t<div class=\"elementor-element elementor-element-9fa0766 e-flex e-con-boxed e-con e-parent\" data-id=\"9fa0766\" data-element_type=\"container\" data-e-type=\"container\" data-settings=\"{&quot;shape_divider_top&quot;:&quot;tilt&quot;}\">\n\t\t\t\t\t<div class=\"e-con-inner\">\n\t\t\t\t<div class=\"elementor-shape elementor-shape-top\" aria-hidden=\"true\" data-negative=\"false\">\n\t\t\t<svg xmlns=\"http:\/\/www.w3.org\/2000\/svg\" viewbox=\"0 0 1000 100\" preserveaspectratio=\"none\">\n\t<path class=\"elementor-shape-fill\" d=\"M0,6V0h1000v100L0,6z\"\/>\n<\/svg>\t\t<\/div>\n\t\t\t\t\t<\/div>\n\t\t\t\t<\/div>\n\t\t\t\t<\/div>\n\t\t\t\t<\/div>\n\t\t\t\t\t\t<\/div>\n\t\t\t\t<\/div>\n\t\t\t\t<\/div>\n\t\t<div class=\"elementor-element elementor-element-804820c e-flex e-con-boxed e-con e-parent\" data-id=\"804820c\" data-element_type=\"container\" data-e-type=\"container\">\n\t\t\t\t\t<div class=\"e-con-inner\">\n\t\t\t\t<div class=\"elementor-element elementor-element-4f77dc4 elementor-widget elementor-widget-text-editor\" data-id=\"4f77dc4\" data-element_type=\"widget\" data-e-type=\"widget\" data-widget_type=\"text-editor.default\">\n\t\t\t\t<div class=\"elementor-widget-container\">\n\t\t\t\t\t\t\t\t\t<p>M-Assistance s'engage \u00e0 prot\u00e9ger votre vie priv\u00e9e et \u00e0 traiter vos donn\u00e9es personnelles en toute s\u00e9curit\u00e9. Cette politique de confidentialit\u00e9 vous informe sur la mani\u00e8re dont nous collectons, utilisons, stockons et prot\u00e9geons vos donn\u00e9es.<\/p>\n<h3>1. Qui sommes-nous ?<\/h3>\n<p>M-Assistance<br \/>\nMontenakenweg 540, Saint-Trond, Belgique<br \/>\nT\u00e9l\u00e9phone : 011 69 24 70<br \/>\nE-mail : <a href=\"mailto:info@m-assistance.be\">info@m-assistance.be<\/a><br \/>\nTVA BE0834.848.217<\/p>\n<h3>2. Donn\u00e9es personnelles collect\u00e9es<\/h3>\n<p>Nous collectons diff\u00e9rents types de donn\u00e9es \u00e0 caract\u00e8re personnel en fonction de la mani\u00e8re dont vous interagissez avec nos services. Il peut s'agir de<\/p>\n<ul>\n<li>Nom<\/li>\n<li>Adresse \u00e9lectronique<\/li>\n<li>Num\u00e9ro de t\u00e9l\u00e9phone<\/li>\n<li>Adresse<\/li>\n<li>Informations sur la facturation<\/li>\n<\/ul>\n<h3>3. Finalit\u00e9s du traitement<\/h3>\n<p>Vos donn\u00e9es personnelles sont collect\u00e9es aux fins suivantes :<\/p>\n<ul>\n<li>Fournir et am\u00e9liorer nos services<\/li>\n<li>Pour le service \u00e0 la client\u00e8le et la communication<\/li>\n<li>Pour la facturation et l'administration<\/li>\n<li>Pour l'envoi d'informations importantes sur nos services<\/li>\n<\/ul>\n<h3>4. P\u00e9riode de conservation des donn\u00e9es<\/h3>\n<p>Vos donn\u00e9es personnelles ne seront pas conserv\u00e9es plus longtemps que ce qui est strictement n\u00e9cessaire aux fins pour lesquelles elles ont \u00e9t\u00e9 collect\u00e9es, \u00e0 moins qu'une p\u00e9riode de conservation plus longue ne soit requise par la loi.<\/p>\n<h3>5. Vos droits<\/h3>\n<p>Vous avez le droit de demander l'acc\u00e8s aux donn\u00e9es que nous d\u00e9tenons \u00e0 votre sujet, de les corriger, de les supprimer ou d'en restreindre le traitement. Vous pouvez exercer ce droit en nous contactant \u00e0 l'adresse \u00e9lectronique ci-dessus.<\/p>\n<h3>6. S\u00e9curit\u00e9 des donn\u00e9es<\/h3>\n<p>M-Assistance prend les mesures techniques et organisationnelles appropri\u00e9es pour prot\u00e9ger vos donn\u00e9es personnelles contre la perte, l'utilisation abusive ou l'acc\u00e8s non autoris\u00e9.<\/p>\n<h3>7. Tiers<\/h3>\n<p>Nous ne vendons pas, n'\u00e9changeons pas et ne louons pas vos donn\u00e9es personnelles \u00e0 des tiers. Toutefois, nous pouvons partager vos donn\u00e9es avec des tiers qui nous aident \u00e0 fournir des services (tels que l'h\u00e9bergement ou le traitement des paiements), mais uniquement dans la mesure n\u00e9cessaire \u00e0 l'ex\u00e9cution de ces services.<\/p>\n<h3>8. Modifications de la pr\u00e9sente politique de confidentialit\u00e9<\/h3>\n<p>M-Assistance se r\u00e9serve le droit de modifier cette politique de confidentialit\u00e9 \u00e0 tout moment. Nous vous informerons de tout changement significatif en publiant la politique mise \u00e0 jour sur notre site web.<\/p>\n<h3>9. Informations sur les contacts<\/h3>\n<p>Si vous avez des questions sur cette politique de confidentialit\u00e9 ou sur la mani\u00e8re dont nous traitons vos donn\u00e9es personnelles, veuillez nous contacter \u00e0 l'adresse suivante :<br \/>\nE-mail : <a href=\"mailto:info@m-assistance.be\">info@m-assistance.be<\/a><br \/>\nT\u00e9l\u00e9phone : 011 69 24 70<\/p>\n\t\t\t\t\t\t\t\t<\/div>\n\t\t\t\t<\/div>\n\t\t\t\t\t<\/div>\n\t\t\t\t<\/div>\n\t\t\t\t<\/div>","protected":false},"excerpt":{"rendered":"","protected":false},"author":1,"featured_media":0,"parent":0,"menu_order":0,"comment_status":"closed","ping_status":"closed","template":"","meta":{"_acf_changed":false,"inline_featured_image":false,"footnotes":""},"class_list":["post-468","page","type-page","status-publish","hentry"],"acf":[],"yoast_head":"<!-- This site is optimized with the Yoast SEO plugin v27.5 - https:\/\/yoast.com\/product\/yoast-seo-wordpress\/ -->\n<title>Privacy - M-Assistance<\/title>\n<meta name=\"robots\" content=\"index, follow, max-snippet:-1, max-image-preview:large, max-video-preview:-1\" \/>\n<link rel=\"canonical\" href=\"https:\/\/www.m-assistance.be\/fr\/vie-privee\/\" \/>\n<meta property=\"og:locale\" content=\"fr_FR\" \/>\n<meta property=\"og:type\" content=\"article\" \/>\n<meta property=\"og:title\" content=\"Privacy - M-Assistance\" \/>\n<meta property=\"og:url\" content=\"https:\/\/www.m-assistance.be\/fr\/vie-privee\/\" \/>\n<meta property=\"og:site_name\" content=\"M-Assistance\" \/>\n<meta property=\"article:modified_time\" content=\"2025-03-12T10:25:55+00:00\" \/>\n<meta name=\"twitter:card\" content=\"summary_large_image\" \/>\n<meta name=\"twitter:label1\" content=\"Dur\u00e9e de lecture est.\" \/>\n\t<meta name=\"twitter:data1\" content=\"2 minutes\" \/>\n<script type=\"application\/ld+json\" class=\"yoast-schema-graph\">{\"@context\":\"https:\\\/\\\/schema.org\",\"@graph\":[{\"@type\":\"WebPage\",\"@id\":\"https:\\\/\\\/www.m-assistance.be\\\/en\\\/privacy\\\/\",\"url\":\"https:\\\/\\\/www.m-assistance.be\\\/en\\\/privacy\\\/\",\"name\":\"Privacy - M-Assistance\",\"isPartOf\":{\"@id\":\"https:\\\/\\\/www.m-assistance.be\\\/#website\"},\"datePublished\":\"2025-02-25T09:04:47+00:00\",\"dateModified\":\"2025-03-12T10:25:55+00:00\",\"breadcrumb\":{\"@id\":\"https:\\\/\\\/www.m-assistance.be\\\/en\\\/privacy\\\/#breadcrumb\"},\"inLanguage\":\"fr-BE\",\"potentialAction\":[{\"@type\":\"ReadAction\",\"target\":[\"https:\\\/\\\/www.m-assistance.be\\\/en\\\/privacy\\\/\"]}]},{\"@type\":\"BreadcrumbList\",\"@id\":\"https:\\\/\\\/www.m-assistance.be\\\/en\\\/privacy\\\/#breadcrumb\",\"itemListElement\":[{\"@type\":\"ListItem\",\"position\":1,\"name\":\"Home\",\"item\":\"https:\\\/\\\/www.m-assistance.be\\\/en\\\/\"},{\"@type\":\"ListItem\",\"position\":2,\"name\":\"Privacy\"}]},{\"@type\":\"WebSite\",\"@id\":\"https:\\\/\\\/www.m-assistance.be\\\/#website\",\"url\":\"https:\\\/\\\/www.m-assistance.be\\\/\",\"name\":\"M-Assistance\",\"description\":\"\",\"potentialAction\":[{\"@type\":\"SearchAction\",\"target\":{\"@type\":\"EntryPoint\",\"urlTemplate\":\"https:\\\/\\\/www.m-assistance.be\\\/?s={search_term_string}\"},\"query-input\":{\"@type\":\"PropertyValueSpecification\",\"valueRequired\":true,\"valueName\":\"search_term_string\"}}],\"inLanguage\":\"fr-BE\"}]}<\/script>\n<!-- \/ Yoast SEO plugin. -->","yoast_head_json":{"title":"Vie priv\u00e9e - M-Assistance","robots":{"index":"index","follow":"follow","max-snippet":"max-snippet:-1","max-image-preview":"max-image-preview:large","max-video-preview":"max-video-preview:-1"},"canonical":"https:\/\/www.m-assistance.be\/fr\/vie-privee\/","og_locale":"fr_FR","og_type":"article","og_title":"Privacy - M-Assistance","og_url":"https:\/\/www.m-assistance.be\/fr\/vie-privee\/","og_site_name":"M-Assistance","article_modified_time":"2025-03-12T10:25:55+00:00","twitter_card":"summary_large_image","twitter_misc":{"Dur\u00e9e de lecture est.":"2 minutes"},"schema":{"@context":"https:\/\/schema.org","@graph":[{"@type":"WebPage","@id":"https:\/\/www.m-assistance.be\/en\/privacy\/","url":"https:\/\/www.m-assistance.be\/en\/privacy\/","name":"Vie priv\u00e9e - M-Assistance","isPartOf":{"@id":"https:\/\/www.m-assistance.be\/#website"},"datePublished":"2025-02-25T09:04:47+00:00","dateModified":"2025-03-12T10:25:55+00:00","breadcrumb":{"@id":"https:\/\/www.m-assistance.be\/en\/privacy\/#breadcrumb"},"inLanguage":"fr-BE","potentialAction":[{"@type":"ReadAction","target":["https:\/\/www.m-assistance.be\/en\/privacy\/"]}]},{"@type":"BreadcrumbList","@id":"https:\/\/www.m-assistance.be\/en\/privacy\/#breadcrumb","itemListElement":[{"@type":"ListItem","position":1,"name":"Home","item":"https:\/\/www.m-assistance.be\/en\/"},{"@type":"ListItem","position":2,"name":"Privacy"}]},{"@type":"WebSite","@id":"https:\/\/www.m-assistance.be\/#website","url":"https:\/\/www.m-assistance.be\/","name":"M-Assistance","description":"","potentialAction":[{"@type":"SearchAction","target":{"@type":"EntryPoint","urlTemplate":"https:\/\/www.m-assistance.be\/?s={search_term_string}"},"query-input":{"@type":"PropertyValueSpecification","valueRequired":true,"valueName":"search_term_string"}}],"inLanguage":"fr-BE"}]}},"_links":{"self":[{"href":"https:\/\/www.m-assistance.be\/fr\/wp-json\/wp\/v2\/pages\/468","targetHints":{"allow":["GET"]}}],"collection":[{"href":"https:\/\/www.m-assistance.be\/fr\/wp-json\/wp\/v2\/pages"}],"about":[{"href":"https:\/\/www.m-assistance.be\/fr\/wp-json\/wp\/v2\/types\/page"}],"author":[{"embeddable":true,"href":"https:\/\/www.m-assistance.be\/fr\/wp-json\/wp\/v2\/users\/1"}],"replies":[{"embeddable":true,"href":"https:\/\/www.m-assistance.be\/fr\/wp-json\/wp\/v2\/comments?post=468"}],"version-history":[{"count":0,"href":"https:\/\/www.m-assistance.be\/fr\/wp-json\/wp\/v2\/pages\/468\/revisions"}],"wp:attachment":[{"href":"https:\/\/www.m-assistance.be\/fr\/wp-json\/wp\/v2\/media?parent=468"}],"curies":[{"name":"wp","href":"https:\/\/api.w.org\/{rel}","templated":true}]}}